{"id":6278,"date":"2019-10-10T11:16:09","date_gmt":"2019-10-10T09:16:09","guid":{"rendered":"https:\/\/ecommsolvers.com\/aviso-de-privacidad\/"},"modified":"2025-02-14T00:55:31","modified_gmt":"2025-02-13T23:55:31","slug":"aviso-de-privacidad","status":"publish","type":"page","link":"https:\/\/ecommsolvers.com\/es\/aviso-de-privacidad\/","title":{"rendered":"Aviso de privacidad"},"content":{"rendered":"\t\t<div data-elementor-type=\"wp-page\" data-elementor-id=\"6278\" class=\"elementor elementor-6278 elementor-3\" data-elementor-post-type=\"page\">\n\t\t\t\t\t\t<section class=\"elementor-section elementor-top-section elementor-element elementor-element-65e5b57 elementor-section-full_width elementor-section-height-default elementor-section-height-default\" data-id=\"65e5b57\" data-element_type=\"section\" data-settings=\"{&quot;jet_parallax_layout_list&quot;:[]}\">\n\t\t\t\t\t\t<div class=\"elementor-container elementor-column-gap-no\">\n\t\t\t\t\t<div class=\"elementor-column elementor-col-100 elementor-top-column elementor-element elementor-element-d5272b1\" data-id=\"d5272b1\" data-element_type=\"column\">\n\t\t\t<div class=\"elementor-widget-wrap elementor-element-populated\">\n\t\t\t\t\t\t<div class=\"elementor-element elementor-element-1923cb5 elementor-widget elementor-widget-template\" data-id=\"1923cb5\" data-element_type=\"widget\" data-widget_type=\"template.default\">\n\t\t\t\t<div class=\"elementor-widget-container\">\n\t\t\t\t\t<div class=\"elementor-template\">\n\t\t\t\t\t<div data-elementor-type=\"section\" data-elementor-id=\"849\" class=\"elementor elementor-849\" data-elementor-post-type=\"elementor_library\">\n\t\t\t\t\t<section class=\"elementor-section elementor-top-section elementor-element elementor-element-6950a87 elementor-section-full_width main-padding-left main-padding-top main-padding-bottom hero elementor-section-content-middle elementor-section-height-default elementor-section-height-default\" data-id=\"6950a87\" data-element_type=\"section\" data-settings=\"{&quot;background_background&quot;:&quot;classic&quot;,&quot;jet_parallax_layout_list&quot;:[]}\">\n\t\t\t\t\t\t<div class=\"elementor-container elementor-column-gap-no\">\n\t\t\t\t\t<div class=\"elementor-column elementor-col-100 elementor-top-column elementor-element elementor-element-b5f9be0\" data-id=\"b5f9be0\" data-element_type=\"column\">\n\t\t\t<div class=\"elementor-widget-wrap elementor-element-populated\">\n\t\t\t\t\t\t<div class=\"elementor-element elementor-element-d5d7c8e logo elementor-widget elementor-widget-image\" data-id=\"d5d7c8e\" data-element_type=\"widget\" data-widget_type=\"image.default\">\n\t\t\t\t<div class=\"elementor-widget-container\">\n\t\t\t\t\t\t\t\t\t\t\t\t\t\t<a href=\"https:\/\/ecommsolvers.com\/es\/\">\n\t\t\t\t\t\t\t<img decoding=\"async\" width=\"218\" height=\"60\" src=\"https:\/\/ecommsolvers.com\/wp-content\/uploads\/ecommsolvers-logo.svg\" class=\"attachment-full size-full wp-image-899\" alt=\"Ecommsolvers logo\" \/>\t\t\t\t\t\t\t\t<\/a>\n\t\t\t\t\t\t\t\t\t\t\t\t\t<\/div>\n\t\t\t\t<\/div>\n\t\t\t\t\t<\/div>\n\t\t<\/div>\n\t\t\t\t\t<\/div>\n\t\t<\/section>\n\t\t\t\t<\/div>\n\t\t\t\t<\/div>\n\t\t\t\t<\/div>\n\t\t\t\t<\/div>\n\t\t\t\t\t<\/div>\n\t\t<\/div>\n\t\t\t\t\t<\/div>\n\t\t<\/section>\n\t\t\t\t<section class=\"elementor-section elementor-top-section elementor-element elementor-element-46075d1c main-padding-top main-padding-bottom elementor-section-boxed elementor-section-height-default elementor-section-height-default\" data-id=\"46075d1c\" data-element_type=\"section\" data-settings=\"{&quot;jet_parallax_layout_list&quot;:[]}\">\n\t\t\t\t\t\t<div class=\"elementor-container elementor-column-gap-no\">\n\t\t\t\t\t<div class=\"elementor-column elementor-col-100 elementor-top-column elementor-element elementor-element-73d84fa1\" data-id=\"73d84fa1\" data-element_type=\"column\">\n\t\t\t<div class=\"elementor-widget-wrap elementor-element-populated\">\n\t\t\t\t\t\t<div class=\"elementor-element elementor-element-866b065 elementor-widget elementor-widget-theme-post-title elementor-page-title elementor-widget-heading\" data-id=\"866b065\" data-element_type=\"widget\" data-widget_type=\"theme-post-title.default\">\n\t\t\t\t<div class=\"elementor-widget-container\">\n\t\t\t<h1 class=\"elementor-heading-title elementor-size-default\">Aviso de privacidad<\/h1>\t\t<\/div>\n\t\t\t\t<\/div>\n\t\t\t\t<div class=\"elementor-element elementor-element-57de3b6b elementor-widget elementor-widget-text-editor\" data-id=\"57de3b6b\" data-element_type=\"widget\" data-widget_type=\"text-editor.default\">\n\t\t\t\t<div class=\"elementor-widget-container\">\n\t\t\t\t\t\t\t<h1>www.ecommsolvers.com<\/h1>\n<h2>Ecommsolvers Ltd. &#8211; Introducci\u00f3n <\/h2>\n<p>En Ecommsolvers Ltd., nos comprometemos a proteger los datos personales y comercialmente sensibles de nuestros clientes y socios, y nos comprometemos a respetar el derecho a la privacidad de la informaci\u00f3n de nuestros clientes y socios. Por ello, nuestra empresa trata tus datos personales de forma confidencial y adopta todas las medidas de seguridad, t\u00e9cnicas y organizativas a nuestro alcance para garantizar la seguridad de tus datos.<\/p>\n<p>Hemos dise\u00f1ado nuestro sistema de seguridad de datos e informaci\u00f3n de acuerdo con las condiciones exigidas por el Reglamento PE 2016\/679, teniendo en cuenta las disposiciones de la Ley CXII de 2011 sobre el Derecho a la Autodeterminaci\u00f3n Informativa y la Libertad de Informaci\u00f3n y nuestras dem\u00e1s obligaciones legales.  <\/p>\n<p>Lee lo siguiente para conocer nuestras pr\u00e1cticas de privacidad para las actividades de nuestro sitio web:<\/p>\n<h2>Disposiciones interpretativas<\/h2>\n<p>Para ayudarte a entender el folleto, debes estar familiarizado con los siguientes t\u00e9rminos:<\/p>\n<p><strong>Sujeto de los datos:<\/strong> cualquier persona f\u00edsica identificada o que pueda ser identificada, directa o indirectamente, sobre la base de datos personales espec\u00edficos;<\/p>\n<p><strong>Datos personales:<\/strong> los datos que puedan asociarse al interesado, en particular el nombre, la marca de identificaci\u00f3n y uno o varios elementos espec\u00edficos de su identidad f\u00edsica, fisiol\u00f3gica, ps\u00edquica, econ\u00f3mica, cultural o social, as\u00ed como las deducciones que puedan hacerse de los datos relativos al interesado;<\/p>\n<p><strong>Consentimiento:<\/strong> indicaci\u00f3n voluntaria y expl\u00edcita de la voluntad del interesado, basada en una informaci\u00f3n adecuada, por la que da su consentimiento inequ\u00edvoco al tratamiento de los datos personales que le conciernen, ya sea en su totalidad o en relaci\u00f3n con operaciones espec\u00edficas;<\/p>\n<p><strong>Oposici\u00f3n:<\/strong> declaraci\u00f3n del interesado en la que se opone al tratamiento de sus datos personales y solicita el cese del tratamiento o la supresi\u00f3n de los datos tratados;<\/p>\n<p><strong>Responsable del tratamiento de datos:<\/strong> la persona f\u00edsica o jur\u00eddica u organismo no constituido en sociedad que, solo o junto con otros, determina los fines para los que se van a tratar los datos, toma y ejecuta las decisiones relativas al tratamiento (incluidos los medios utilizados) o hace que el Responsable del tratamiento las ejecute;<\/p>\n<p><strong>Transferencia:<\/strong> poner los datos a disposici\u00f3n de un tercero determinado;<\/p>\n<p><strong>Divulgaci\u00f3n:<\/strong> poner los datos a disposici\u00f3n de cualquiera;<\/p>\n<p>Borrado de datos: hacer irreconocibles los datos de forma que ya no sea posible recuperarlos;<\/p>\n<p><strong>Bloqueo de datos:<\/strong> el marcado de datos con un identificador para limitar su tratamiento posterior de forma permanente o durante un periodo de tiempo limitado;<\/p>\n<p><strong>Destrucci\u00f3n de datos:<\/strong> hacer irreconocibles los datos de forma que no puedan recuperarse posteriormente;<\/p>\n<p><strong>Tratamiento de datos:<\/strong> la realizaci\u00f3n de tareas t\u00e9cnicas relacionadas con las operaciones de tratamiento de datos, independientemente del m\u00e9todo y los medios utilizados para realizar las operaciones y del lugar de aplicaci\u00f3n, siempre que la tarea t\u00e9cnica se realice sobre los datos;<\/p>\n<p><strong>Encargado del tratamiento:<\/strong> persona f\u00edsica o jur\u00eddica u organismo no constituido en sociedad que trata datos en virtud de un contrato, incluido un contrato celebrado de conformidad con una disposici\u00f3n legal;<\/p>\n<p><strong>Violaci\u00f3n de datos:<\/strong> tratamiento o manipulaci\u00f3n il\u00edcitos de datos personales, en particular el acceso, la alteraci\u00f3n, la divulgaci\u00f3n, la transmisi\u00f3n, la comunicaci\u00f3n, el borrado o la destrucci\u00f3n no autorizados, la destrucci\u00f3n accidental o los da\u00f1os accidentales.<\/p>\n<h2>Finalidad del tratamiento de datos<\/h2>\n<p>En este aviso, describimos el tratamiento de datos personales que se produce en el transcurso del funcionamiento del sitio web y las plataformas de medios sociales de nuestra Empresa. Nuestro objetivo con el sitio web y otras interfaces de medios de comunicaci\u00f3n es informar a los visitantes sobre nuestras actividades y proporcionar a las partes interesadas un medio para ponerse en contacto con nosotros. <\/p>\n<p>Nuestro objetivo es presentar las actividades de nuestros servicios, facilitar informaci\u00f3n de inter\u00e9s p\u00fablico y darte la oportunidad de ponerte en contacto con nosotros e informarte sobre nuestros servicios.<\/p>\n<p>Al describir nuestro servicio, pretendemos recoger y registrar siempre los datos m\u00ednimos necesarios para prestarlo.<\/p>\n<h2>Alcance de los datos tratados<\/h2>\n<p>Todos los datos personales del sitio web, como fotos, referencias, opiniones, tanto en relaci\u00f3n con nuestros socios como con nuestros empleados, s\u00f3lo se incluyen en nuestro sitio con su informaci\u00f3n y consentimiento necesarios.<\/p>\n<h2>Opciones de contacto en el sitio web:<\/h2>\n<p>Puedes ponerte en contacto con nosotros de varias formas visitando nuestro sitio web. Entre ellas se incluyen nuestros n\u00fameros de tel\u00e9fono y direcciones de correo electr\u00f3nico, con los que se pondr\u00e1 en contacto directamente nuestro personal. <\/p>\n<p>Tambi\u00e9n puedes enviar mensajes directamente desde nuestro sitio. En este caso, la finalidad del tratamiento sigue siendo proporcionar informaci\u00f3n y los datos personales tratados incluyen tu nombre, direcci\u00f3n de correo electr\u00f3nico y cualquier dato personal que nos env\u00edes en el cuerpo del correo electr\u00f3nico. <\/p>\n<p>S\u00f3lo acceder\u00e1n a tus datos nuestros colegas autorizados, que los necesitan para hacer bien su trabajo y darte una respuesta satisfactoria.<\/p>\n<h2>Cookie \/ informaci\u00f3n sobre cookies<\/h2>\n<p>Hoy en d\u00eda, casi todos los sitios web disponen de la recopilaci\u00f3n de datos necesaria para su funcionamiento mediante las llamadas cookies.<\/p>\n<p>Un n\u00famero importante de sitios web utilizan diversas soluciones inform\u00e1ticas para controlar su tr\u00e1fico, analizar el inter\u00e9s de los visitantes y mejorar as\u00ed sus propios servicios. Puede que no las veas, pero te encuentras con ellas todos los d\u00edas cuando visitas la mayor\u00eda de los sitios web. Cuando lo haces, el sitio que visitas env\u00eda cookies (identificadores an\u00f3nimos de visitantes, conocidos com\u00fanmente como &#8220;cookies&#8221;) a tu dispositivo de navegaci\u00f3n para registrar informaci\u00f3n. Las cookies ayudan a garantizar una experiencia fluida en nuestro sitio y proporcionan un buen nivel de funcionalidad, y tambi\u00e9n pueden utilizarse para analizar el tr\u00e1fico.   <\/p>\n<p>Algunas de ellas son estrictamente necesarias para el correcto funcionamiento del sitio y son v\u00e1lidas para la visita actual. Las cookies de rendimiento, o cookies anal\u00edticas, nos permiten controlar y mejorar el rendimiento de nuestro sitio, realizar un seguimiento del n\u00famero de visitas, identificar la fuente de tr\u00e1fico y las partes m\u00e1s populares del sitio. <\/p>\n<p>Por lo general, las cookies recopilan la siguiente informaci\u00f3n: tu direcci\u00f3n IP como dato personal; el tipo de navegador que utilizas, el sistema operativo del dispositivo que utilizas para navegar, la hora exacta de tu visita, en algunos casos la direcci\u00f3n de la p\u00e1gina que visitaste anteriormente, la p\u00e1gina, subp\u00e1gina, funci\u00f3n utilizada y el tiempo que pasaste en la p\u00e1gina.<\/p>\n<p>La ley de cookies de la UE establece que no se pueden instalar cookies, excepto las cookies t\u00e9cnicas, antes de que se haya dado el consentimiento. En nuestro sitio no utilizamos cookies para analizar el tr\u00e1fico y controlar el comportamiento de los visitantes, s\u00f3lo las cookies t\u00e9cnicas estrictamente necesarias para el buen funcionamiento del sitio, por lo que no recopilamos datos para analizar tu visita y, por tanto, nuestro sitio cumple la legislaci\u00f3n vigente de la UE. <\/p>\n<p>Para obtener m\u00e1s informaci\u00f3n sobre c\u00f3mo eliminar las cookies, consulta los enlaces que aparecen a continuaci\u00f3n:<\/p>\n<p>Internet Explorer:<\/p>\n<p><u> <a href=\"https:\/\/windows.microsoft.com\/en-us\/internet-explorer\/delete-manage-cookies#ie=ie-11\" rel=\"nofollow noopener\" target=\"_blank\">https:\/\/windows.microsoft.com\/en-us\/internet-explorer\/delete-manage-cookies#ie=ie-11<\/a> <\/u><\/p>\n<p>Firefox:<\/p>\n<p><u> <a href=\"https:\/\/support.mozilla.org\/en-US\/kb\/cookies-information-websites-store-on-your-computer\" rel=\"nofollow noopener\" target=\"_blank\">https:\/\/support.mozilla.org\/en-US\/kb\/cookies-information-websites-store-on-your-computer<\/a> <\/u><\/p>\n<p>Cromo:<\/p>\n<p><u> <a href=\"https:\/\/support.google.com\/chrome\/answer\/95647?hl=en\" rel=\"nofollow noopener\" target=\"_blank\">https:\/\/support.google.com\/chrome\/answer\/95647?hl=en<\/a> <\/u><\/p>\n<h2>Redes sociales<\/h2>\n<p>La finalidad del tratamiento de los datos es proporcionar informaci\u00f3n y mantener el contacto con los clientes y las partes interesadas.<\/p>\n<p>Nuestro sitio central, el <u> <a href=\"http:\/\/WWW.ECOMMSOLVERS.COM\/\" rel=\"nofollow noopener\" target=\"_blank\">www.ecommsolvers.com<\/a> <\/u> tambi\u00e9n llevamos a cabo actividades de gesti\u00f3n de datos a trav\u00e9s del siguiente sitio, que tambi\u00e9n se rige por el presente Aviso:<\/p>\n<p>&#8211;<u> <a href=\"http:\/\/www.facebook.com\/\" rel=\"nofollow noopener\" target=\"_blank\">www.facebook.com<\/a> <\/u> <\/p>\n<p>El t\u00edtulo de nuestro sitio:<\/p>\n<p>&#8211;<u> <a href=\"https:\/\/www.facebook.com\/Ecommsolvers-114884263238576\/\" target=\"_blank\" rel=\"noopener nofollow\">https:\/\/www.facebook.com\/Ecommsolvers-114884263238576\/<\/a> <\/u> <\/p>\n<p>Antes de participar en actividades en las redes sociales, es importante que leas el aviso de privacidad del portal que est\u00e9s utilizando para asegurarte de que los datos personales que has proporcionado o utilizado en ese portal est\u00e1n seguros. En el caso de Facebook, puedes hacerlo haciendo clic en el siguiente enlace: <\/p>\n<p>&#8211;<u> <a href=\"https:\/\/www.facebook.com\/privacy\/explanation\" rel=\"nofollow noopener\" target=\"_blank\">https:\/\/www.facebook.com\/privacy\/explanation<\/a> <\/u> <\/p>\n<p>Utilizamos nuestra cuenta de Facebook para divulgaci\u00f3n e informaci\u00f3n a la comunidad, as\u00ed como para comunicaci\u00f3n educativa y noticias. Nuestras comunicaciones all\u00ed se reducen al m\u00ednimo y nuestras conversaciones con los interesados se almacenan durante 20 d\u00edas laborables y luego se eliminan. <\/p>\n<h2>La justificaci\u00f3n de nuestro tratamiento de datos<\/h2>\n<p>La base jur\u00eddica de nuestro tratamiento de datos en este sitio web se basa en el consentimiento del interesado, que se otorga al aceptar la ventana emergente y continuar la actividad de navegaci\u00f3n. Es importante que leas este aviso, por lo que te rogamos que lo leas atentamente para que puedas tomar una decisi\u00f3n con pleno conocimiento de causa sobre el tratamiento de tus datos.  <\/p>\n<p>Si te pones en contacto con nosotros por correo electr\u00f3nico o a trav\u00e9s de los formularios de acceso y contacto de nuestro sitio, consientes el tratamiento de los datos contenidos en tu mensaje hasta que retires tu consentimiento. Incluso en ausencia de retirada, tu correspondencia enviada despu\u00e9s de 5 a\u00f1os ser\u00e1 eliminada.  <\/p>\n<p>A menos que no exista otra base jur\u00eddica, tambi\u00e9n puedes optar por el tratamiento de datos con tu consentimiento como interesado. Puedes obtener m\u00e1s informaci\u00f3n al respecto en la continuaci\u00f3n de este aviso. <\/p>\n<h2>Duraci\u00f3n del almacenamiento de datos<\/h2>\n<p>En caso de tratamiento con consentimiento, el consentimiento ser\u00e1 v\u00e1lido hasta que cese la finalidad del tratamiento o hasta que se retire el consentimiento voluntario.<\/p>\n<p>En todos los casos en que estemos obligados a recoger datos en virtud de la legislaci\u00f3n sectorial, cumpliremos los requisitos de la legislaci\u00f3n y almacenaremos los datos recogidos con este fin con los plazos adecuados.<\/p>\n<h2>Procesadores de datos<\/h2>\n<p>Redes sociales:<\/p>\n<p><strong>Facebook Inc.<\/strong><\/p>\n<p>Aviso de privacidad:<\/p>\n<p>&#8211;<u> <a href=\"https:\/\/www.facebook.com\/privacy\/explanation\" rel=\"nofollow noopener\" target=\"_blank\">https:\/\/www.facebook.com\/privacy\/explanation<\/a> <\/u> <\/p>\n<p><strong>Ruffnet Sociedad Limitada<\/strong><\/p>\n<p><em>Tratamiento de datos para el funcionamiento del sitio web y la prestaci\u00f3n de alojamiento web  <\/em><\/p>\n<p>Direcci\u00f3n: 2161 Csom\u00e1d, Kossuth Lajos \u00fat 47.<\/p>\n<p>N\u00famero de registro de la empresa: 13 10 041329<\/p>\n<p>Representante:  <\/p>\n<p>Tel\u00e9fono: +36 (30) 63 59 037<\/p>\n<p><strong>Ruffnet Sociedad Limitada<\/strong><\/p>\n<p><em>Desarrollo de software y operaciones y consultor\u00eda de TI<\/em><\/p>\n<p>Direcci\u00f3n: 2161 Csom\u00e1d, Kossuth Lajos \u00fat 47.<\/p>\n<p>N\u00famero de registro de la empresa: 13 10 041329<\/p>\n<p>Direcci\u00f3n web: <a href=\"https:\/\/www.ruffnet.hu\/\" target=\"_blank\" rel=\"noopener nofollow\">https:\/\/www.ruffnet.hu\/<\/a><\/p>\n<p>Persona de contacto:  <\/p>\n<p>Tel\u00e9fono: +36 (30) 63 59 037<\/p>\n<h2>Seguridad de los datos<\/h2>\n<p>Siempre haremos todo lo posible para garantizar que los datos que se nos conf\u00edan se mantengan seguros, de conformidad con los requisitos de seguridad de la informaci\u00f3n, para que podamos tratar tus datos personales de forma m\u00e1s segura. Hemos establecido los procedimientos y controles necesarios para la gesti\u00f3n segura de los datos, a fin de garantizar que los datos que tratamos est\u00e9n protegidos contra la confidencialidad, integridad y disponibilidad, evitando as\u00ed el acceso no autorizado, la alteraci\u00f3n, la destrucci\u00f3n y la fuga de datos externa o interna. <\/p>\n<p>Nos aseguraremos de que el acceso a los datos procesados se conceda \u00fanica y exclusivamente a los empleados autorizados y a los Procesadores de Datos empleados en el procesamiento. Haremos todo lo posible para garantizar que ninguna persona no autorizada pueda divulgar, transmitir, modificar o eliminar datos que puedan perjudicar de alg\u00fan modo a nuestra empresa o a los intereses de nuestros interesados. <\/p>\n<h2>Derechos de los usuarios<\/h2>\n<p>Los interesados en el tratamiento de datos personales, incluido t\u00fa, tienen derecho a solicitar informaci\u00f3n, acceso a sus datos personales, rectificaci\u00f3n, supresi\u00f3n (olvido), restricci\u00f3n de sus datos personales y a oponerse al tratamiento de sus datos personales, tal como se establece en los art\u00edculos 13, 14, 15, 16, 17, 18, 20, 21 y 22 del RGPD.    <br \/>  Puedes leer m\u00e1s sobre estos derechos en las siguientes l\u00edneas:<\/p>\n<h3>Derecho de acceso del interesado:<\/h3>\n<p>El interesado tiene derecho a recibir informaci\u00f3n sobre si se est\u00e1n tratando o no sus datos personales y, en caso de que dicho tratamiento est\u00e9 en curso, derecho a solicitar informaci\u00f3n detallada sobre el tratamiento de datos personales conforme a lo dispuesto en el Reglamento.<\/p>\n<h3>Derecho de rectificaci\u00f3n<\/h3>\n<p>El interesado tendr\u00e1 derecho a obtener, a petici\u00f3n suya y sin dilaci\u00f3n indebida, la rectificaci\u00f3n de los datos personales inexactos que le conciernan. Teniendo en cuenta los fines del tratamiento, el interesado tendr\u00e1 derecho a obtener la rectificaci\u00f3n de los datos personales incompletos, incluso mediante una declaraci\u00f3n complementaria. <\/p>\n<h2>Derecho al borrado (&#8220;derecho al olvido&#8221;)<\/h2>\n<p>El interesado tendr\u00e1 derecho a obtener la supresi\u00f3n de los datos personales que le conciernan y el responsable del tratamiento estar\u00e1 obligado a suprimir sin dilaci\u00f3n indebida los datos personales que le conciernan cuando la base jur\u00eddica del tratamiento as\u00ed lo permita.<\/p>\n<h2>Derecho a la limitaci\u00f3n del tratamiento<\/h2>\n<p>El interesado tiene derecho a limitar el tratamiento de sus datos personales, si la base jur\u00eddica del tratamiento lo permite. En el texto del Reglamento se establecen otras condiciones para ello. <\/p>\n<h2>Derecho a la portabilidad de los datos<\/h2>\n<p>El interesado tendr\u00e1 derecho a recibir los datos personales que le conciernan y que haya facilitado a un responsable del tratamiento en un formato estructurado, de uso com\u00fan y lectura mec\u00e1nica, as\u00ed como a transmitirlos a otro responsable del tratamiento sin que \u00e9ste se lo impida.<\/p>\n<p>Para ejercer estos derechos, puedes ponerte en contacto con nosotros utilizando cualquiera de los datos de contacto que figuran al final de este aviso. Tambi\u00e9n puedes solicitar la supresi\u00f3n de tus datos, lo que podemos hacer si s\u00f3lo procesamos tus datos sobre la base legal del consentimiento. <\/p>\n<p>Nuestra empresa est\u00e1 obligada a responder a la solicitud del interesado en un plazo de 30 d\u00edas a partir de la recepci\u00f3n de la solicitud, de conformidad con el Reglamento General de Protecci\u00f3n de Datos. S\u00f3lo podremos desviarnos de este plazo en casos justificados. <\/p>\n<p>Si tienes alguna queja, ponte <strong>primero en contacto con nosotros<\/strong> y estaremos encantados de ayudarte.<\/p>\n<h2>Recursos legales<\/h2>\n<p>Para proteger sus derechos, los interesados pueden presentar una reclamaci\u00f3n ante la siguiente autoridad:<\/p>\n<p><strong>Autoridad Nacional de Protecci\u00f3n de Datos y Libertad de Informaci\u00f3n,  <\/strong><\/p>\n<p>Direcci\u00f3n postal: 1530 Budapest, apartado de correos 5 Direcci\u00f3n: 1125 Budapest Szil\u00e1gyi Erzs\u00e9bet fasor 22\/c<\/p>\n<p>Tel\u00e9fono: +36 (1) 391 1400<\/p>\n<p>Fax: +36 (1) 391 1410<\/p>\n<p>Correo electr\u00f3nico: ugyfelszolgalat@naih.hu<\/p>\n<p>URL:https:\/\/naih.hu<\/p>\n<h2>Contacta con nosotros<\/h2>\n<p><strong>Ecommsolvers Sociedad Limitada<\/strong><\/p>\n<p>Direcci\u00f3n: 2161 Csom\u00e1d, Kossuth Lajos \u00fat 47.<\/p>\n<p>N\u00famero de registro de la empresa: 13 09 230781<\/p>\n<p>Direcci\u00f3n web: https:\/\/ecommsolvers.com\/<\/p>\n<p>Tel\u00e9fono: +36 70 3844082<\/p>\n<p>Correo electr\u00f3nico: <a href=\"mailto:welcome@ecommsolvers.com\">welcome@ecommsolvers.com<\/a><\/p>\n<p>Si tienes alguna pregunta sobre el tratamiento de tus datos personales, no dudes en ponerte en contacto con nosotros a trav\u00e9s de cualquiera de nuestros datos de contacto.<\/p>\n<h2>Modificaciones del folleto<\/h2>\n<p>Nos reservamos el derecho a modificar este aviso y seguiremos haci\u00e9ndolo s\u00f3lo a la luz del entorno jur\u00eddico actual y, si lo hacemos, indicaremos el hecho del cambio en nuestro sitio web y en nuestro aviso actualizado. <\/p>\n\t\t\t\t\t\t<\/div>\n\t\t\t\t<\/div>\n\t\t\t\t\t<\/div>\n\t\t<\/div>\n\t\t\t\t\t<\/div>\n\t\t<\/section>\n\t\t\t\t<\/div>\n\t\t","protected":false},"excerpt":{"rendered":"<p>www.ecommsolvers.com Ecommsolvers Ltd. &#8211; Introducci\u00f3n En Ecommsolvers Ltd., nos comprometemos a proteger los datos personales y comercialmente sensibles de nuestros clientes y socios, y nos comprometemos a respetar el derecho a la privacidad de la informaci\u00f3n de nuestros clientes y socios. Por ello, nuestra empresa trata tus datos personales de forma confidencial y adopta todas [&hellip;]<\/p>\n","protected":false},"author":7,"featured_media":0,"parent":0,"menu_order":0,"comment_status":"closed","ping_status":"open","template":"elementor_header_footer","meta":{"footnotes":""},"class_list":["post-6278","page","type-page","status-publish","hentry"],"_links":{"self":[{"href":"https:\/\/ecommsolvers.com\/es\/wp-json\/wp\/v2\/pages\/6278","targetHints":{"allow":["GET"]}}],"collection":[{"href":"https:\/\/ecommsolvers.com\/es\/wp-json\/wp\/v2\/pages"}],"about":[{"href":"https:\/\/ecommsolvers.com\/es\/wp-json\/wp\/v2\/types\/page"}],"author":[{"embeddable":true,"href":"https:\/\/ecommsolvers.com\/es\/wp-json\/wp\/v2\/users\/7"}],"replies":[{"embeddable":true,"href":"https:\/\/ecommsolvers.com\/es\/wp-json\/wp\/v2\/comments?post=6278"}],"version-history":[{"count":1,"href":"https:\/\/ecommsolvers.com\/es\/wp-json\/wp\/v2\/pages\/6278\/revisions"}],"predecessor-version":[{"id":6279,"href":"https:\/\/ecommsolvers.com\/es\/wp-json\/wp\/v2\/pages\/6278\/revisions\/6279"}],"wp:attachment":[{"href":"https:\/\/ecommsolvers.com\/es\/wp-json\/wp\/v2\/media?parent=6278"}],"curies":[{"name":"wp","href":"https:\/\/api.w.org\/{rel}","templated":true}]}}