{"id":6249,"date":"2022-02-08T18:47:55","date_gmt":"2022-02-08T17:47:55","guid":{"rendered":"https:\/\/ecommsolvers.com\/funcionamiento-de-la-tienda-web-magento\/"},"modified":"2025-02-14T01:05:09","modified_gmt":"2025-02-14T00:05:09","slug":"funcionamiento-de-la-tienda-web-magento","status":"publish","type":"page","link":"https:\/\/ecommsolvers.com\/es\/funcionamiento-de-la-tienda-web-magento\/","title":{"rendered":"Funcionamiento de la tienda web Magento"},"content":{"rendered":"\t\t<div data-elementor-type=\"wp-page\" data-elementor-id=\"6249\" class=\"elementor elementor-6249 elementor-3764\" data-elementor-post-type=\"page\">\n\t\t\t\t\t\t<section class=\"elementor-section elementor-top-section elementor-element elementor-element-029c29a elementor-section-boxed elementor-section-height-default elementor-section-height-default\" data-id=\"029c29a\" data-element_type=\"section\" data-settings=\"{&quot;jet_parallax_layout_list&quot;:[]}\">\n\t\t\t\t\t\t<div class=\"elementor-container elementor-column-gap-default\">\n\t\t\t\t\t<div class=\"elementor-column elementor-col-100 elementor-top-column elementor-element elementor-element-7761b20\" data-id=\"7761b20\" data-element_type=\"column\">\n\t\t\t<div class=\"elementor-widget-wrap elementor-element-populated\">\n\t\t\t\t\t\t<div class=\"elementor-element elementor-element-9d099ff elementor-widget elementor-widget-heading\" data-id=\"9d099ff\" data-element_type=\"widget\" data-widget_type=\"heading.default\">\n\t\t\t\t<div class=\"elementor-widget-container\">\n\t\t\t<h2 class=\"elementor-heading-title elementor-size-default\">\u00bfPOR QU\u00c9 ES IMPORTANTE UNA <span class=\"text-color-secondary\">OPERACI\u00d3N ADECUADA<\/span>?<\/h2>\t\t<\/div>\n\t\t\t\t<\/div>\n\t\t\t\t<div class=\"elementor-element elementor-element-5d00325 elementor-widget__width-initial elementor-widget elementor-widget-text-editor\" data-id=\"5d00325\" data-element_type=\"widget\" data-widget_type=\"text-editor.default\">\n\t\t\t\t<div class=\"elementor-widget-container\">\n\t\t\t\t\t\t\t<p>La operaci\u00f3n de tiendas online basadas en Magento 2 es una tarea compleja que requiere conocimientos especializados. Un trabajo mal realizado puede causar numerosos problemas que afectan negativamente el funcionamiento y el rendimiento de la tienda online. <\/p>\n<p>Uno de los mayores riesgos son las brechas de seguridad, que pueden causar p\u00e9rdida de datos o de capital. Adem\u00e1s, un c\u00f3digo mal optimizado puede provocar tiempos de carga lentos que puede afectar negativamente las ventas y la experiencia del usuario. Adem\u00e1s, las integraciones y actualizaciones de m\u00f3dulos inadecuadas pueden generar problemas de compatibilidad y fallos en el sistema.Para una operaci\u00f3n exitosa es fundamental realizar un mantenimiento continuo, instalar actualizaciones de seguridad regularmente y contar con el apoyo de expertos.   <\/p>\n<h5>DESARROLLO DE TIENDAS ONLINE EN MAGENTO PARA GARANTIZAR SEGURIDAD Y VELOCIDAD<\/h5>\n<p>Durante el desarrollo, prestamos mucha atenci\u00f3n a la optimizaci\u00f3n de la seguridad y la velocidad de carga. Actualizamos la plataforma regularmente e implementamos las correcciones de seguridad m\u00e1s actuales para proteger los datos contra los ciberataques. Optimizamos el c\u00f3digo, minimizamos el uso de recursos y utilizamos t\u00e9cnicas de almacenamiento en cach\u00e9 para mejorar la velocidad de carga.  <\/p>\n<p>Estas medidas combinadas garantizan una experiencia del usuario fluida y segura.<\/p>\n<h5>LA IMPORTANCIA DE LA VELOCIDAD DE CARGA DE UNA TIENDA ONLINE<\/h5>\n<p>La velocidad de carga de una tienda online depende de los siguientes factores:<\/p>\n<ul>\n<li>El rendimiento del software Magento como motor principal de la plataforma puede variar ligeramente seg\u00fan la versi\u00f3n utilizada<\/li>\n<li>La actualizaci\u00f3n, versi\u00f3n y configuraci\u00f3n de software como PHP o MySQL, junto con las caracter\u00edsticas de hardware (procesador,<br \/>memoria, ancho de banda de red, etc.).<\/li>\n<li>La cantidad y calidad de los desarrollos personalizados y los m\u00f3dulos instalados en la tienda.<\/li>\n<li>Las conexiones con otros sistemas, como software de gesti\u00f3n empresarial, a\u00f1aden carga adicional y pueden influir el rendimiento.<\/li>\n<li>La velocidad var\u00eda seg\u00fan el nivel de tr\u00e1fico, especialmente durante per\u00edodos relacionados con campa\u00f1as promocionales, como ofertas, donde miles de usuarios pueden estar navegando al mismo tiempo, en comparaci\u00f3n con per\u00edodos de baja actividad, como las vacaciones de verano.<\/li>\n<li>El n\u00famero de administradores que utilizan el panel de control y la intensidad de las operaciones realizadas.<\/li>\n<li>La cantidad, categor\u00edas y atributos de productos.<\/li>\n<li>La frecuencia y volumen de los procesos de importaci\u00f3n realizados en la tienda.<\/li>\n<li>El tama\u00f1o y formato de las im\u00e1genes, fotograf\u00edas y v\u00eddeos subidos a la tienda, as\u00ed como su nivel de optimizaci\u00f3n, tienen un impacto considerable en la velocidad de carga.<\/li>\n<\/ul>\n<h5>REQUISITOS DE INFRAESTRUCTURA DEL SERVIDOR<\/h5>\n<p>Mientras que una p\u00e1gina web sencilla en WordPress o una tienda online con Woocommerce pueden funcionar sin mayores inconvenientes en un hosting compartido b\u00e1sico, la operaci\u00f3n fluida de una tienda online de tipo Magento 2 requiere una infraestructura de servidor adecuada y conocimientos especializados.<\/p>\n<p>Sin estas condiciones es probable que surjan problemas significativos de velocidad y rendimiento. Magento necesita considerablemente m\u00e1s recursos en comparaci\u00f3n con, por ejemplo, plataformas basadas en WordPress o Drupal. <\/p>\n<h5>\u00bfPOR QU\u00c9 ES IMPORTANTE LA OPERACI\u00d3N ADECUADA?<\/h5>\n<p>En conclusi\u00f3n, aunque la gesti\u00f3n de servidores puede que no sea la parte m\u00e1s visible de una tienda online, sin una operaci\u00f3n adecuada, incluso la tienda mejor dise\u00f1ada y programada se volver\u00e1 lenta, menos segura y poco fiable.<\/p>\n<p>Estas deficiencias pueden causar un peor posicionamiento en los resultados de b\u00fasqueda y una reducci\u00f3n en la cantidad de clientes recurrentes. Los costos de operaci\u00f3n que se ahorra a corto plazo se convierten, a largo plazo, en p\u00e9rdidas econ\u00f3micas debido a ingresos no generados, deterioro de la reputaci\u00f3n de la marca y gastos inesperados por reparaciones. <\/p>\n<p>Conf\u00eda en nosotros para que tu tienda Magento funcione correctamente y sea rentable. Gestionamos las tiendas de nuestros clientes en colaboraci\u00f3n con un socio estrat\u00e9gico con a\u00f1os de experiencia. Su especializaci\u00f3n y nuestra estrecha cooperaci\u00f3n minimizan el margen de error y garantizan una r\u00e1pida respuesta ante cualquier problema que pueda surgir.  <\/p>\n\t\t\t\t\t\t<\/div>\n\t\t\t\t<\/div>\n\t\t\t\t\t<\/div>\n\t\t<\/div>\n\t\t\t\t\t<\/div>\n\t\t<\/section>\n\t\t\t\t<section class=\"elementor-section elementor-top-section elementor-element elementor-element-030c54e elementor-section-boxed elementor-section-height-default elementor-section-height-default\" data-id=\"030c54e\" data-element_type=\"section\" data-settings=\"{&quot;jet_parallax_layout_list&quot;:[]}\">\n\t\t\t\t\t\t<div class=\"elementor-container elementor-column-gap-default\">\n\t\t\t\t\t<div class=\"elementor-column elementor-col-100 elementor-top-column elementor-element elementor-element-86b32e1\" data-id=\"86b32e1\" data-element_type=\"column\">\n\t\t\t<div class=\"elementor-widget-wrap elementor-element-populated\">\n\t\t\t\t\t\t<div class=\"elementor-element elementor-element-ffde7cf elementor-widget elementor-widget-template\" data-id=\"ffde7cf\" data-element_type=\"widget\" data-widget_type=\"template.default\">\n\t\t\t\t<div class=\"elementor-widget-container\">\n\t\t\t\t\t<div class=\"elementor-template\">\n\t\t\t\t\t<div data-elementor-type=\"section\" data-elementor-id=\"6263\" class=\"elementor elementor-6263 elementor-606\" data-elementor-post-type=\"elementor_library\">\n\t\t\t\t\t<section class=\"elementor-section elementor-top-section elementor-element elementor-element-4bf81ea main-margin-top elementor-section-full_width elementor-section-height-default elementor-section-height-default\" data-id=\"4bf81ea\" data-element_type=\"section\" data-settings=\"{&quot;jet_parallax_layout_list&quot;:[]}\">\n\t\t\t\t\t\t<div class=\"elementor-container elementor-column-gap-no\">\n\t\t\t\t\t<div class=\"elementor-column elementor-col-100 elementor-top-column elementor-element elementor-element-f3268f1\" data-id=\"f3268f1\" data-element_type=\"column\">\n\t\t\t<div class=\"elementor-widget-wrap elementor-element-populated\">\n\t\t\t\t\t\t<div class=\"elementor-element elementor-element-78f18da elementor-widget elementor-widget-menu-anchor\" data-id=\"78f18da\" data-element_type=\"widget\" data-widget_type=\"menu-anchor.default\">\n\t\t\t\t<div class=\"elementor-widget-container\">\n\t\t\t\t\t<div class=\"elementor-menu-anchor\" id=\"contact-form\"><\/div>\n\t\t\t\t<\/div>\n\t\t\t\t<\/div>\n\t\t\t\t<section class=\"elementor-section elementor-inner-section elementor-element elementor-element-3d5b35a elementor-section-full_width elementor-section-height-default elementor-section-height-default\" data-id=\"3d5b35a\" data-element_type=\"section\" data-settings=\"{&quot;jet_parallax_layout_list&quot;:[]}\">\n\t\t\t\t\t\t<div class=\"elementor-container elementor-column-gap-no\">\n\t\t\t\t\t<div class=\"elementor-column elementor-col-100 elementor-inner-column elementor-element elementor-element-334a908\" data-id=\"334a908\" data-element_type=\"column\">\n\t\t\t<div class=\"elementor-widget-wrap elementor-element-populated\">\n\t\t\t\t\t\t<div class=\"elementor-element elementor-element-f530726 text-header-secondary elementor-widget elementor-widget-heading\" data-id=\"f530726\" data-element_type=\"widget\" data-widget_type=\"heading.default\">\n\t\t\t\t<div class=\"elementor-widget-container\">\n\t\t\t<h4 class=\"elementor-heading-title elementor-size-default\">Cont\u00e1ctanos<\/h4>\t\t<\/div>\n\t\t\t\t<\/div>\n\t\t\t\t<div class=\"elementor-element elementor-element-2e61934 elementor-widget elementor-widget-heading\" data-id=\"2e61934\" data-element_type=\"widget\" data-widget_type=\"heading.default\">\n\t\t\t\t<div class=\"elementor-widget-container\">\n\t\t\t<h4 class=\"elementor-heading-title elementor-size-default\">Ponte en contacto con <span class=\"text-color-secondary\">nosotros<\/span><\/h4>\t\t<\/div>\n\t\t\t\t<\/div>\n\t\t\t\t\t<\/div>\n\t\t<\/div>\n\t\t\t\t\t<\/div>\n\t\t<\/section>\n\t\t\t\t<div class=\"elementor-element elementor-element-76a1a93 elementor-button-align-end elementor-widget elementor-widget-form\" data-id=\"76a1a93\" data-element_type=\"widget\" data-settings=\"{&quot;step_next_label&quot;:&quot;Siguiente&quot;,&quot;step_previous_label&quot;:&quot;Anterior&quot;,&quot;button_width&quot;:&quot;100&quot;,&quot;step_type&quot;:&quot;number_text&quot;,&quot;step_icon_shape&quot;:&quot;circle&quot;}\" data-widget_type=\"form.default\">\n\t\t\t\t<div class=\"elementor-widget-container\">\n\t\t\t\t\t<form class=\"elementor-form\" method=\"post\" name=\"Cont\u00e1ctanos\">\n\t\t\t<input type=\"hidden\" name=\"post_id\" value=\"6263\"\/>\n\t\t\t<input type=\"hidden\" name=\"form_id\" value=\"76a1a93\"\/>\n\t\t\t<input type=\"hidden\" name=\"referer_title\" value=\"\" \/>\n\n\t\t\t\n\t\t\t<div class=\"elementor-form-fields-wrapper elementor-labels-\">\n\t\t\t\t\t\t\t\t<div class=\"elementor-field-type-text elementor-field-group elementor-column elementor-field-group-name elementor-col-50 elementor-field-required\">\n\t\t\t\t\t\t\t\t\t\t\t\t<label for=\"form-field-name\" class=\"elementor-field-label elementor-screen-only\">\n\t\t\t\t\t\t\t\tName\t\t\t\t\t\t\t<\/label>\n\t\t\t\t\t\t\t\t\t\t\t\t\t\t<input size=\"1\" type=\"text\" name=\"form_fields[name]\" id=\"form-field-name\" class=\"elementor-field elementor-size-lg  elementor-field-textual\" placeholder=\"Nombre y apellido\" required=\"required\" aria-required=\"true\">\n\t\t\t\t\t\t\t\t\t\t\t<\/div>\n\t\t\t\t\t\t\t\t<div class=\"elementor-field-type-email elementor-field-group elementor-column elementor-field-group-email elementor-col-50 elementor-field-required\">\n\t\t\t\t\t\t\t\t\t\t\t\t<label for=\"form-field-email\" class=\"elementor-field-label elementor-screen-only\">\n\t\t\t\t\t\t\t\tEmail\t\t\t\t\t\t\t<\/label>\n\t\t\t\t\t\t\t\t\t\t\t\t\t\t<input size=\"1\" type=\"email\" name=\"form_fields[email]\" id=\"form-field-email\" class=\"elementor-field elementor-size-lg  elementor-field-textual\" placeholder=\"Correo electr\u00f3nico\" required=\"required\" aria-required=\"true\">\n\t\t\t\t\t\t\t\t\t\t\t<\/div>\n\t\t\t\t\t\t\t\t<div class=\"elementor-field-type-text elementor-field-group elementor-column elementor-field-group-field_ecd52c8 elementor-col-100 elementor-field-required\">\n\t\t\t\t\t\t\t\t\t\t\t\t<label for=\"form-field-field_ecd52c8\" class=\"elementor-field-label elementor-screen-only\">\n\t\t\t\t\t\t\t\tTitle\t\t\t\t\t\t\t<\/label>\n\t\t\t\t\t\t\t\t\t\t\t\t\t\t<input size=\"1\" type=\"text\" name=\"form_fields[field_ecd52c8]\" id=\"form-field-field_ecd52c8\" class=\"elementor-field elementor-size-lg  elementor-field-textual\" placeholder=\"\u00bfEn qu\u00e9 podemos ayudarte?\" required=\"required\" aria-required=\"true\">\n\t\t\t\t\t\t\t\t\t\t\t<\/div>\n\t\t\t\t\t\t\t\t<div class=\"elementor-field-type-textarea elementor-field-group elementor-column elementor-field-group-message elementor-col-100 elementor-field-required\">\n\t\t\t\t\t\t\t\t\t\t\t\t<label for=\"form-field-message\" class=\"elementor-field-label elementor-screen-only\">\n\t\t\t\t\t\t\t\tMessage\t\t\t\t\t\t\t<\/label>\n\t\t\t\t\t\t<textarea class=\"elementor-field-textual elementor-field  elementor-size-lg\" name=\"form_fields[message]\" id=\"form-field-message\" rows=\"6\" placeholder=\"Escr\u00edbenos en algunas frases qu\u00e9 necesitar\u00edas y nos pondremos en contacto contigo.\" required=\"required\" aria-required=\"true\"><\/textarea>\t\t\t\t<\/div>\n\t\t\t\t\t\t\t\t<div class=\"elementor-field-type-acceptance elementor-field-group elementor-column elementor-field-group-field_424b868 elementor-col-100 elementor-field-required\">\n\t\t\t\t\t\t\t\t\t\t\t\t<label for=\"form-field-field_424b868\" class=\"elementor-field-label elementor-screen-only\">\n\t\t\t\t\t\t\t\tPrivacy Policy\t\t\t\t\t\t\t<\/label>\n\t\t\t\t\t\t\t\t<div class=\"elementor-field-subgroup\">\n\t\t\t<span class=\"elementor-field-option\">\n\t\t\t\t<input type=\"checkbox\" name=\"form_fields[field_424b868]\" id=\"form-field-field_424b868\" class=\"elementor-field elementor-size-lg  elementor-acceptance-field\" required=\"required\" aria-required=\"true\">\n\t\t\t\t<label for=\"form-field-field_424b868\">He le\u00eddo y acepto la <a href=\"https:\/\/wp-ecommsolvers.loc\/adatkezelesi-tajekoztato\" target=\"_blank\" rel=\"nofollow noopener\">Pol\u00edtica de Privacidad<\/a><\/label>\t\t\t<\/span>\n\t\t<\/div>\n\t\t\t\t\t\t<\/div>\n\t\t\t\t\t\t\t\t<div class=\"elementor-field-type-recaptcha_v3 elementor-field-group elementor-column elementor-field-group-field_565e8a8 elementor-col-100 recaptcha_v3-inline\">\n\t\t\t\t\t<div class=\"elementor-field\" id=\"form-field-field_565e8a8\"><div class=\"elementor-g-recaptcha\" data-sitekey=\"6LfpddYqAAAAANo7LqmRInlae7-kthAy7nHBBMXT\" data-type=\"v3\" data-action=\"Form\" data-badge=\"inline\" data-size=\"invisible\"><\/div><\/div>\t\t\t\t<\/div>\n\t\t\t\t\t\t\t\t<div class=\"elementor-field-group elementor-column elementor-field-type-submit elementor-col-100 e-form__buttons\">\n\t\t\t\t\t<button type=\"submit\" class=\"elementor-button elementor-size-md\">\n\t\t\t\t\t\t<span >\n\t\t\t\t\t\t\t\t\t\t\t\t\t\t\t<span class=\" elementor-button-icon\">\n\t\t\t\t\t\t\t\t\t\t\t\t\t\t\t\t\t\t\t\t\t\t\t\t\t\t<\/span>\n\t\t\t\t\t\t\t\t\t\t\t\t\t\t\t\t\t\t\t\t\t\t<span class=\"elementor-button-text\">Enviar<\/span>\n\t\t\t\t\t\t\t\t\t\t\t\t\t<\/span>\n\t\t\t\t\t<\/button>\n\t\t\t\t<\/div>\n\t\t\t<\/div>\n\t\t<\/form>\n\t\t\t\t<\/div>\n\t\t\t\t<\/div>\n\t\t\t\t\t<\/div>\n\t\t<\/div>\n\t\t\t\t\t<\/div>\n\t\t<\/section>\n\t\t\t\t<\/div>\n\t\t\t\t<\/div>\n\t\t\t\t<\/div>\n\t\t\t\t<\/div>\n\t\t\t\t\t<\/div>\n\t\t<\/div>\n\t\t\t\t\t<\/div>\n\t\t<\/section>\n\t\t\t\t<\/div>\n\t\t","protected":false},"excerpt":{"rendered":"<p>\u00bfPOR QU\u00c9 ES IMPORTANTE UNA OPERACI\u00d3N ADECUADA? La operaci\u00f3n de tiendas online basadas en Magento 2 es una tarea compleja que requiere conocimientos especializados. Un trabajo mal realizado puede causar numerosos problemas que afectan negativamente el funcionamiento y el rendimiento de la tienda online. Uno de los mayores riesgos son las brechas de seguridad, que [&hellip;]<\/p>\n","protected":false},"author":7,"featured_media":6250,"parent":0,"menu_order":0,"comment_status":"closed","ping_status":"closed","template":"","meta":{"footnotes":""},"class_list":["post-6249","page","type-page","status-publish","has-post-thumbnail","hentry"],"_links":{"self":[{"href":"https:\/\/ecommsolvers.com\/es\/wp-json\/wp\/v2\/pages\/6249","targetHints":{"allow":["GET"]}}],"collection":[{"href":"https:\/\/ecommsolvers.com\/es\/wp-json\/wp\/v2\/pages"}],"about":[{"href":"https:\/\/ecommsolvers.com\/es\/wp-json\/wp\/v2\/types\/page"}],"author":[{"embeddable":true,"href":"https:\/\/ecommsolvers.com\/es\/wp-json\/wp\/v2\/users\/7"}],"replies":[{"embeddable":true,"href":"https:\/\/ecommsolvers.com\/es\/wp-json\/wp\/v2\/comments?post=6249"}],"version-history":[{"count":5,"href":"https:\/\/ecommsolvers.com\/es\/wp-json\/wp\/v2\/pages\/6249\/revisions"}],"predecessor-version":[{"id":6255,"href":"https:\/\/ecommsolvers.com\/es\/wp-json\/wp\/v2\/pages\/6249\/revisions\/6255"}],"wp:featuredmedia":[{"embeddable":true,"href":"https:\/\/ecommsolvers.com\/es\/wp-json\/wp\/v2\/media\/6250"}],"wp:attachment":[{"href":"https:\/\/ecommsolvers.com\/es\/wp-json\/wp\/v2\/media?parent=6249"}],"curies":[{"name":"wp","href":"https:\/\/api.w.org\/{rel}","templated":true}]}}